{"id":13,"date":"2024-12-10T12:25:56","date_gmt":"2024-12-10T12:25:56","guid":{"rendered":"https:\/\/iglis.ch\/?page_id=13"},"modified":"2025-06-26T13:06:51","modified_gmt":"2025-06-26T12:06:51","slug":"home","status":"publish","type":"page","link":"https:\/\/iglis.ch\/","title":{"rendered":"Home"},"content":{"rendered":"\n<h3 class=\"wp-block-heading\">Iglis.ch &#8211; Rindfleisch und Hofprodukte vom Iglisgraben<\/h3>\n\n\n\n<div class=\"wp-block-group is-nowrap is-layout-flex wp-container-core-group-is-layout-1 wp-block-group-is-layout-flex\">\n<details class=\"wp-block-details has-black-color has-text-color has-link-color has-large-font-size wp-elements-8c25ac123d2925df0497e630b69a5f60 is-layout-flow wp-block-details-is-layout-flow\"><summary>Rinderhaltung &#8211; Direktvermarktung Rindfleisch<\/summary>\n<p class=\"has-medium-font-size\">Bei unseren Weiderindern vom Iglisgraben stellen wir das Tierwohl und eine \u00f6kologische Landwirtschaft in den Vordergrund. Die Tiere befinden sich w\u00e4hrend der Vegetationszeit von April bis November durchgehend auf den Dauerweiden. B\u00e4ume spenden den Rindern nat\u00fcrlichen Schatten und sch\u00fctzen sie vor der Witterung. Den Winter verbringen die Tiere im Stall mit \u201ebesonders tierfreundlicher Stallhaltung\u201c (BTS) und \u201eregelm\u00e4ssiger Auslauf\u201c (RAUS). Mit dieser naturnahen Haltung sind unsere Rinder gesund und robust. Bis auf eine j\u00e4hrliche Entwurmungskur konnten wir bis jetzt auf Medikamenteneinsatz\/Antibiotikum g\u00e4nzlich verzichten.<\/p>\n\n\n\n<p class=\"has-medium-font-size\">Im Sommer werden die Rinder auf der Weide gehalten und fressen Gr\u00e4ser und Kr\u00e4uter, was das Fleisch besonders schmackhaft macht. Im Winter werden die Rinder mit ausschliesslich selbst produziertem Futter, bestehend aus Heu und erg\u00e4nzender Maissilage mit Gerste, ern\u00e4hrt. Dies ergibt ganzj\u00e4hrig die nat\u00fcrlichste und artgerechteste F\u00fctterung. Diese extensive F\u00fctterung f\u00fchrt zudem dazu, dass die Rinder langsam wachsen und ihr Fleisch hochwertig, geschmacksvoll und zart wird.<\/p>\n\n\n\n<p class=\"has-medium-font-size\">Ein St\u00fcck Fleisch bedingt immer auch eine Schlachtung. Durch die gute Zusammenarbeit mit der Metzgerei Sandmeier in K\u00f6lliken haben die Tiere einen kurzen Transportweg von nur 10 Kilometer. Das schonende Metzgen garantiert zum einen respektvollen Umgang mit dem Tier und sorgt zum anderen f\u00fcr eine bessere Fleischqualit\u00e4t.<\/p>\n\n\n\n<p class=\"has-medium-font-size\">Fazit: Hoher Genuss ohne Wenn und Aber!<\/p>\n<\/details>\n<\/div>\n\n\n\n<figure class=\"wp-block-image size-large\"><img loading=\"lazy\" decoding=\"async\" width=\"1024\" height=\"680\" src=\"https:\/\/iglis.ch\/wp-content\/uploads\/2024\/12\/Iglis_22_053-1024x680.jpg\" alt=\"\" class=\"wp-image-62\" srcset=\"https:\/\/iglis.ch\/wp-content\/uploads\/2024\/12\/Iglis_22_053-1024x680.jpg 1024w, https:\/\/iglis.ch\/wp-content\/uploads\/2024\/12\/Iglis_22_053-300x199.jpg 300w, https:\/\/iglis.ch\/wp-content\/uploads\/2024\/12\/Iglis_22_053-768x510.jpg 768w, https:\/\/iglis.ch\/wp-content\/uploads\/2024\/12\/Iglis_22_053-1536x1020.jpg 1536w, https:\/\/iglis.ch\/wp-content\/uploads\/2024\/12\/Iglis_22_053-1000x664.jpg 1000w, https:\/\/iglis.ch\/wp-content\/uploads\/2024\/12\/Iglis_22_053-230x153.jpg 230w, https:\/\/iglis.ch\/wp-content\/uploads\/2024\/12\/Iglis_22_053-350x232.jpg 350w, https:\/\/iglis.ch\/wp-content\/uploads\/2024\/12\/Iglis_22_053-480x319.jpg 480w, https:\/\/iglis.ch\/wp-content\/uploads\/2024\/12\/Iglis_22_053.jpg 2000w\" sizes=\"auto, (max-width: 1024px) 100vw, 1024px\" \/><\/figure>\n\n\n\n<details class=\"wp-block-details has-black-color has-text-color has-link-color has-large-font-size wp-elements-fe15d24c6689971669ef99bea51d871b is-layout-flow wp-block-details-is-layout-flow\"><summary>Hofprodukte &#8211; Produktion und Verkauf<\/summary>\n<p class=\"has-medium-font-size\">Wir verarbeiten und veredeln Erzeugnisse vom Iglisgraben zum Verkauf. Diese sind als Einzelprodukte bei uns zu kaufen. Auf Anfrage stellen wir sie gerne als Geschenkset zusammen oder offerieren gr\u00f6ssere Mengen als Kunden \u2013 oder Firmengeschenke. &nbsp;<\/p>\n\n\n\n<p class=\"has-medium-font-size\">Bei uns finden Sie eine sorgf\u00e4ltige Auswahl an handgemachten Produkten, die alle auf unserem eigenen Hof gewachsen und erzeugt worden sind. Wir legen gro\u00dfen Wert auf Qualit\u00e4t und Nachhaltigkeit: Unsere Zutaten sind frei von k\u00fcnstlichen Zusatzstoffen.<\/p>\n\n\n\n<p class=\"has-medium-font-size\">Von frischen Kr\u00e4utern \u00fcber selbstgemachte Sirupe, Honig bis hin zu handgefertigten Seifen \u2013 jedes Produkt ist das Resultat sorgf\u00e4ltiger Arbeit, Hingabe und Freude am Handwerkt. Wir nutzen nur das, was unser Hof zu bieten hat und achten darauf, die Ressourcen schonend zu nutzen.<\/p>\n\n\n\n<p class=\"has-medium-font-size\">St\u00f6bern Sie durch unser Angebot und lassen Sie sich von der Vielfalt und dem authentischen Geschmack unserer Produkte \u00fcberzeugen. Hier finden Sie nicht nur hochwertige Produkte, sondern auch das gute Gef\u00fchl, etwas f\u00fcr die Umwelt und Ihre Gesundheit zu tun.<\/p>\n\n\n\n<p class=\"has-medium-font-size\">S\u00e4mtliche Produkte sind in der Preisliste aufgef\u00fchrt<\/p>\n<\/details>\n\n\n\n<figure class=\"wp-block-image size-large\"><img loading=\"lazy\" decoding=\"async\" width=\"1024\" height=\"680\" src=\"https:\/\/iglis.ch\/wp-content\/uploads\/2024\/12\/Iglis_22_060-3-1024x680.jpg\" alt=\"\" class=\"wp-image-72\" srcset=\"https:\/\/iglis.ch\/wp-content\/uploads\/2024\/12\/Iglis_22_060-3-1024x680.jpg 1024w, https:\/\/iglis.ch\/wp-content\/uploads\/2024\/12\/Iglis_22_060-3-300x199.jpg 300w, https:\/\/iglis.ch\/wp-content\/uploads\/2024\/12\/Iglis_22_060-3-768x510.jpg 768w, https:\/\/iglis.ch\/wp-content\/uploads\/2024\/12\/Iglis_22_060-3-1536x1020.jpg 1536w, https:\/\/iglis.ch\/wp-content\/uploads\/2024\/12\/Iglis_22_060-3-1000x664.jpg 1000w, https:\/\/iglis.ch\/wp-content\/uploads\/2024\/12\/Iglis_22_060-3-230x153.jpg 230w, https:\/\/iglis.ch\/wp-content\/uploads\/2024\/12\/Iglis_22_060-3-350x232.jpg 350w, https:\/\/iglis.ch\/wp-content\/uploads\/2024\/12\/Iglis_22_060-3-480x319.jpg 480w, https:\/\/iglis.ch\/wp-content\/uploads\/2024\/12\/Iglis_22_060-3.jpg 2000w\" sizes=\"auto, (max-width: 1024px) 100vw, 1024px\" \/><\/figure>\n\n\n\n<details class=\"wp-block-details has-black-color has-text-color has-link-color has-large-font-size wp-elements-0e7f0bf6cc8e7cc25cc4dd09a4e6f4b1 is-layout-flow wp-block-details-is-layout-flow\"><summary>Imkerei<\/summary>\n<p class=\"is-style-default has-black-color has-text-color has-link-color has-medium-font-size wp-elements-4f765465d7b61f5385e06d85d2f16330\">In unserer kleinen Imkerei dreht sich alles um die Faszination und den Schutz der Bienen. Wir sind stolz darauf, Ihnen hochwertigen, naturbelassenen Honig direkt von unseren Bienen anbieten zu k\u00f6nnen.<\/p>\n\n\n\n<p class=\"is-style-default has-black-color has-text-color has-link-color has-medium-font-size wp-elements-a1cb6cdca9f8e6f921a9613b192394dc\">Unsere Bienen sammeln ihre Nektare aus einer vielf\u00e4ltigen Flora: Hecken, Naturwiesen, den Obstb\u00e4umen und den umliegenden W\u00e4ldern. Dieser nat\u00fcrliche Reichtum spiegelt sich in der Qualit\u00e4t und im Geschmack unseres Honigs wider. Ob Bl\u00fctenhonig, Sommerhonig oder Waldhonig \u2013 jeder Honig hat seinen eigenen, einzigartigen Charakter und verf\u00fchrt mit einer sanften S\u00fc\u00dfe, die Sie direkt aus der Natur schmecken k\u00f6nnen.<\/p>\n<\/details>\n\n\n\n<figure class=\"wp-block-image size-large\"><img loading=\"lazy\" decoding=\"async\" width=\"1024\" height=\"680\" src=\"https:\/\/iglis.ch\/wp-content\/uploads\/2024\/12\/Iglis_22_075-1024x680.jpg\" alt=\"\" class=\"wp-image-74\" srcset=\"https:\/\/iglis.ch\/wp-content\/uploads\/2024\/12\/Iglis_22_075-1024x680.jpg 1024w, https:\/\/iglis.ch\/wp-content\/uploads\/2024\/12\/Iglis_22_075-300x199.jpg 300w, https:\/\/iglis.ch\/wp-content\/uploads\/2024\/12\/Iglis_22_075-768x510.jpg 768w, https:\/\/iglis.ch\/wp-content\/uploads\/2024\/12\/Iglis_22_075-1536x1020.jpg 1536w, https:\/\/iglis.ch\/wp-content\/uploads\/2024\/12\/Iglis_22_075-1000x664.jpg 1000w, https:\/\/iglis.ch\/wp-content\/uploads\/2024\/12\/Iglis_22_075-230x153.jpg 230w, https:\/\/iglis.ch\/wp-content\/uploads\/2024\/12\/Iglis_22_075-350x232.jpg 350w, https:\/\/iglis.ch\/wp-content\/uploads\/2024\/12\/Iglis_22_075-480x319.jpg 480w, https:\/\/iglis.ch\/wp-content\/uploads\/2024\/12\/Iglis_22_075.jpg 2000w\" sizes=\"auto, (max-width: 1024px) 100vw, 1024px\" \/><\/figure>\n\n\n\n<h3 class=\"wp-block-heading\">Preisliste <\/h3>\n\n\n\n<div data-wp-interactive=\"core\/file\" class=\"wp-block-file\"><object data-wp-bind--hidden=\"!state.hasPdfPreview\" hidden class=\"wp-block-file__embed\" data=\"https:\/\/iglis.ch\/wp-content\/uploads\/2025\/06\/Bestellung_Rechnung_Quittung-Rind-Honig_v25-06.pdf\" type=\"application\/pdf\" style=\"width:100%;height:600px\" aria-label=\"Einbettung von Bestellung_Rechnung_Quittung-Rind-Honig_v25-06.\"><\/object><a id=\"wp-block-file--media-a0d7f8ee-9e14-4056-9c9c-c90f853a70b0\" href=\"https:\/\/iglis.ch\/wp-content\/uploads\/2025\/06\/Bestellung_Rechnung_Quittung-Rind-Honig_v25-06.pdf\">Bestellung_Rechnung_Quittung-Rind-Honig_v25-06<\/a><a href=\"https:\/\/iglis.ch\/wp-content\/uploads\/2025\/06\/Bestellung_Rechnung_Quittung-Rind-Honig_v25-06.pdf\" class=\"wp-block-file__button wp-element-button\" download aria-describedby=\"wp-block-file--media-a0d7f8ee-9e14-4056-9c9c-c90f853a70b0\">Herunterladen<\/a><\/div>\n","protected":false},"excerpt":{"rendered":"<p>Iglis.ch &#8211; Rindfleisch und Hofprodukte vom Iglisgraben Preisliste<\/p>\n","protected":false},"author":1,"featured_media":0,"parent":0,"menu_order":0,"comment_status":"closed","ping_status":"closed","template":"","meta":{"footnotes":""},"class_list":["post-13","page","type-page","status-publish","hentry"],"_links":{"self":[{"href":"https:\/\/iglis.ch\/index.php?rest_route=\/wp\/v2\/pages\/13","targetHints":{"allow":["GET"]}}],"collection":[{"href":"https:\/\/iglis.ch\/index.php?rest_route=\/wp\/v2\/pages"}],"about":[{"href":"https:\/\/iglis.ch\/index.php?rest_route=\/wp\/v2\/types\/page"}],"author":[{"embeddable":true,"href":"https:\/\/iglis.ch\/index.php?rest_route=\/wp\/v2\/users\/1"}],"replies":[{"embeddable":true,"href":"https:\/\/iglis.ch\/index.php?rest_route=%2Fwp%2Fv2%2Fcomments&post=13"}],"version-history":[{"count":14,"href":"https:\/\/iglis.ch\/index.php?rest_route=\/wp\/v2\/pages\/13\/revisions"}],"predecessor-version":[{"id":98,"href":"https:\/\/iglis.ch\/index.php?rest_route=\/wp\/v2\/pages\/13\/revisions\/98"}],"wp:attachment":[{"href":"https:\/\/iglis.ch\/index.php?rest_route=%2Fwp%2Fv2%2Fmedia&parent=13"}],"curies":[{"name":"wp","href":"https:\/\/api.w.org\/{rel}","templated":true}]}}